{"id":2,"date":"2020-10-09T17:10:38","date_gmt":"2020-10-09T17:10:38","guid":{"rendered":"https:\/\/vampyrgrey.com\/?page_id=2"},"modified":"2025-02-11T10:13:02","modified_gmt":"2025-02-11T10:13:02","slug":"vampyr-grey","status":"publish","type":"page","link":"https:\/\/vampyrgrey.com\/","title":{"rendered":"Vampyr Grey"},"content":{"rendered":"\n<figure class=\"wp-block-image size-large\"><img loading=\"lazy\" decoding=\"async\" width=\"1024\" height=\"730\" src=\"https:\/\/vampyrgrey.com\/wp-content\/uploads\/2025\/02\/WhatsApp-Image-2025-02-07-at-11.18.09-1024x730.jpeg\" alt=\"\" class=\"wp-image-416\" srcset=\"https:\/\/vampyrgrey.com\/wp-content\/uploads\/2025\/02\/WhatsApp-Image-2025-02-07-at-11.18.09-1024x730.jpeg 1024w, https:\/\/vampyrgrey.com\/wp-content\/uploads\/2025\/02\/WhatsApp-Image-2025-02-07-at-11.18.09-300x214.jpeg 300w, https:\/\/vampyrgrey.com\/wp-content\/uploads\/2025\/02\/WhatsApp-Image-2025-02-07-at-11.18.09-768x548.jpeg 768w, https:\/\/vampyrgrey.com\/wp-content\/uploads\/2025\/02\/WhatsApp-Image-2025-02-07-at-11.18.09-1536x1095.jpeg 1536w, https:\/\/vampyrgrey.com\/wp-content\/uploads\/2025\/02\/WhatsApp-Image-2025-02-07-at-11.18.09.jpeg 1600w\" sizes=\"(max-width: 1024px) 100vw, 1024px\" \/><\/figure>\n\n\n\n<p>SICHERT EUCH das EARLY BIRD ticket f\u00fcr den Vampyr Fetsih Ball Vienna im NoLimits 20254 bis zum 11. M\u00e4rz 2025 um 33euro!!!!<\/p>\n\n\n\n<p>Seid gegr\u00fc\u00dft liebe Wesen der Nacht, der Begierde und der dunklen Seelen.<br>Dieses Jahr findet mein Vampyr Fetish Ball zum ersten Mal in der neuen Lokation statt: NO LIMITS in Wien.<br>Es gibt KEINE ABENDKASSA, also kein Walk in. Wir wollen einen gesch\u00fctzten Rahmen bieten wo nur maximal 50 G\u00e4ste zugelassen sind, daher auch limitierte Kartenanzahl. Es gilt: First come &#8211; first serve.<br>Der Vorverkauf f\u00fcr Early Bird Tickets startet ab Heute und gilt bis zum 11. M\u00e4rz. (33euro) ab dem 12. M\u00e4rz gibt es dann nur noch die Regul\u00e4ren Tickets (40euro).<br>Ich biete euch dieses Jahr wieder einige Goodies:<br>Hoop T\u00e4nzerin &#8211; Bondage Blut Show &#8211; Dark Bourlesque Show und noch ein paar \u00dcberraschungen.<br>Es wird ein gef\u00fchrter Abend sein wo die Devise lautet: Alles kann, nichts muss!<br>Das Programm wird Vorort aufliegen um die Spannung etwas aufrecht zu halten.<br>Nat\u00fcrlich gibt es auch wieder ein kleines Buffet.<br>Dresscode ist wie immer: JE MEHR, desto besser! Da wir wieder eine Ballk\u00f6nigin und einen Ballk\u00f6nig kr\u00f6nen werden.<br>Ausgeschlossen auch mit gekauften Karten sind folgendes: Tshirt, Jogginghose, Turnschuhe, Schlabberlook, etc.<br>Unsere Security Vorort wird eine Taschenkontrolle durchf\u00fchren (mitgebrachtes Gewand, Waffen, etc\u2026)<br>Er\u00fcnscht sind: Gothic, Fetish, Nude, Steampunk, Vampire look. Da die Lokation nicht all zu gro\u00df ist, bitten wir auf Accessoires wie Fl\u00fcgel zu verzichten.<br>Das Fotografieren ist NICHT gestattet. Wir haben einen prof. Fotografen engagiert, der gerne sch\u00f6ne Fotos von diesen Momenten macht und euch zukommen l\u00e4sst.<br>Hier noch ein paar Regeln die eingehalten werden:<\/p>\n\n\n\n<ol>\n<li>ein NEIN ist ein NEIN. Ihr d\u00fcrft jeden ansprechen, aber nicht ungefragt begrapschen, fragt einfach nett, und akzeptiert ein Nein, sollte die Person nicht von euch ber\u00fchrt oder angesprochen werden wollen.<\/li>\n\n\n\n<li>die K\u00fcnstler sind w\u00e4hrend der Show nicht zu unterbrechen, ansprechen, anfassen. Jedoch ist ein zujubeln erw\u00fcnscht.<\/li>\n\n\n\n<li>Ihr d\u00fcrft Geschehnissen gerne zuschauen, jedoch bitte mit einem Respektabstand von 1m.<\/li>\n\n\n\n<li>Dies ist ein NICHTRAUCHER Lokal, wer Rauchen m\u00f6chte, soll doch bitte mit einem Mantel oder Cape bedeckt ausserhalb des Lokals rauchen.<\/li>\n\n\n\n<li>Wer beim Alkoholkonsum \u00fcber die Str\u00e4nge schl\u00e4gt und definitiv betrunken, andere Personen bel\u00e4stigt, wird von unserer Security gebeten das Lokal zu verlassen, genauso wie alle die kein NEIN akzeptieren und es dennoch weiter versuchen andere zu bel\u00e4stigen oder gar versuchen Fotos zu machen um diese Online zu stellen.<\/li>\n\n\n\n<li>Wir haben eine kleine Foto-Ecke bereit gestellt, wo ihr euch gerne auch mit einem Smartphone in euren schicken Gew\u00e4ndern fotografieren k\u00f6nnt, unsere Security wird euch gerne dabei Behilflich sein.<br>.<br>Des weiteren bieten wir euch dieses Jahr ein besonderes Goody an: \u00dcBERNACHTUNGSM\u00d6GLICHKEITEN. Ja Richtig. Die Lokation verf\u00fcgt \u00fcber sch\u00f6ne B.D.S.M. Zimmer (allerdings nur 2 St\u00fcck), in der Ihr euch zur\u00fcck ziehen k\u00f6nnt, zu jeder Zeit und mit einem Privaten Aufzug DIREKT zur Veranstaltung kommt, ohne z.B. in euren Outfits \u00fcber die Strasse gehen zu m\u00fcssen. Hier gilt nat\u00fcrlich auch: First come &#8211; first serve. Bei unseren Early Bird tickets habt ihr die M\u00f6glichkeit in den Kommentaren zu erw\u00e4hnen ob Ihr ein BDSM Zimmer oder ein NORMALES Zimmer dazu buchen wollt und werden dann einfach die Buchung anpassen.<br>In den Kommentare findet Ihr einen QR Code, der euch direkt zum Ticketkauf f\u00fchrt.<br>Wir freuen uns auf euer erscheinen und w\u00fcnschen euch schon mal vorab eine wundersch\u00f6ne Zeit bei uns!<\/li>\n<\/ol>\n\n\n\n<form action=\"https:\/\/www.paypal.com\/cgi-bin\/webscr\" method=\"post\" target=\"_top\">\n  <input type=\"hidden\" name=\"cmd\" value=\"_s-xclick\" \/>\n  <input type=\"hidden\" name=\"hosted_button_id\" value=\"2S478GSGDP744\" \/>\n  <input type=\"hidden\" name=\"currency_code\" value=\"EUR\" \/>\n  <input type=\"image\" src=\"https:\/\/www.paypalobjects.com\/en_US\/i\/btn\/btn_buynowCC_LG.gif\" border=\"0\" name=\"submit\" title=\"PayPal \u2013 Einfacher und sicherer online bezahlen.\" alt=\"Jetzt kaufen\" \/>\n<\/form>\n\n\n\n<figure class=\"wp-block-image size-large is-resized\"><img loading=\"lazy\" decoding=\"async\" width=\"961\" height=\"1024\" src=\"https:\/\/vampyrgrey.com\/wp-content\/uploads\/2025\/02\/WhatsApp-Image-2025-02-07-at-11.36.30-961x1024.jpeg\" alt=\"\" class=\"wp-image-418\" style=\"width:303px;height:auto\" srcset=\"https:\/\/vampyrgrey.com\/wp-content\/uploads\/2025\/02\/WhatsApp-Image-2025-02-07-at-11.36.30-961x1024.jpeg 961w, https:\/\/vampyrgrey.com\/wp-content\/uploads\/2025\/02\/WhatsApp-Image-2025-02-07-at-11.36.30-281x300.jpeg 281w, https:\/\/vampyrgrey.com\/wp-content\/uploads\/2025\/02\/WhatsApp-Image-2025-02-07-at-11.36.30-768x819.jpeg 768w, https:\/\/vampyrgrey.com\/wp-content\/uploads\/2025\/02\/WhatsApp-Image-2025-02-07-at-11.36.30.jpeg 1074w\" sizes=\"(max-width: 961px) 100vw, 961px\" \/><\/figure>\n\n\n\n<p>Welcome to my new label VampyrGrey, my name is Lord Loel J. Grey.<\/p>\n\n\n\n<p>VampyrGrey represents Fashion made by Lord Loel J. Grey with his energy his own hands and a lots of details. His knowledge as a fashion design er is based in Spain and elaborated in Austria. The fabrics he is using are high quality like silk, jacquard, line, silk cotton and so on. Every dress is based on his design and the customer specification. You can order your dress as you like and he will make it for you and nobody else. You will have your unique creation and only you will have the privilege to own also the original draw of your creation. You can contact him for unique dresses, headdress and more: <br><\/p>\n\n\n\n<figure class=\"wp-block-image aligncenter size-large is-resized\"><a href=\"mailto:info@loeljgrey.com\"><img loading=\"lazy\" decoding=\"async\" width=\"986\" height=\"959\" src=\"http:\/\/vampyrgrey.com\/wp-content\/uploads\/2020\/10\/04.jpg\" alt=\"\" class=\"wp-image-111\" style=\"width:162px;height:157px\" srcset=\"https:\/\/vampyrgrey.com\/wp-content\/uploads\/2020\/10\/04.jpg 986w, https:\/\/vampyrgrey.com\/wp-content\/uploads\/2020\/10\/04-300x292.jpg 300w, https:\/\/vampyrgrey.com\/wp-content\/uploads\/2020\/10\/04-768x747.jpg 768w\" sizes=\"(max-width: 986px) 100vw, 986px\" \/><\/a><\/figure>\n\n\n\n<p><\/p>\n","protected":false},"excerpt":{"rendered":"<p>SICHERT EUCH das EARLY BIRD ticket f\u00fcr den Vampyr Fetsih Ball Vienna im NoLimits 20254 bis zum 11. M\u00e4rz 2025 um 33euro!!!! Seid gegr\u00fc\u00dft liebe Wesen der Nacht, der Begierde und der dunklen Seelen.Dieses Jahr findet mein Vampyr Fetish Ball zum ersten Mal in der neuen Lokation statt: NO LIMITS in Wien.Es gibt KEINE ABENDKASSA, [&hellip;]<\/p>\n","protected":false},"author":1,"featured_media":13,"parent":0,"menu_order":0,"comment_status":"closed","ping_status":"open","template":"","meta":{"site-sidebar-layout":"default","site-content-layout":"default","ast-site-content-layout":"default","site-content-style":"default","site-sidebar-style":"default","ast-global-header-display":"","ast-banner-title-visibility":"","ast-main-header-display":"","ast-hfb-above-header-display":"","ast-hfb-below-header-display":"","ast-hfb-mobile-header-display":"","site-post-title":"disabled","ast-breadcrumbs-content":"","ast-featured-img":"","footer-sml-layout":"","theme-transparent-header-meta":"default","adv-header-id-meta":"","stick-header-meta":"","header-above-stick-meta":"","header-main-stick-meta":"","header-below-stick-meta":"","astra-migrate-meta-layouts":"set","ast-page-background-enabled":"default","ast-page-background-meta":{"desktop":{"background-color":"","background-image":"","background-repeat":"repeat","background-position":"center center","background-size":"auto","background-attachment":"scroll","background-type":"","background-media":"","overlay-type":"","overlay-color":"","overlay-gradient":""},"tablet":{"background-color":"","background-image":"","background-repeat":"repeat","background-position":"center center","background-size":"auto","background-attachment":"scroll","background-type":"","background-media":"","overlay-type":"","overlay-color":"","overlay-gradient":""},"mobile":{"background-color":"","background-image":"","background-repeat":"repeat","background-position":"center center","background-size":"auto","background-attachment":"scroll","background-type":"","background-media":"","overlay-type":"","overlay-color":"","overlay-gradient":""}},"ast-content-background-meta":{"desktop":{"background-color":"var(--ast-global-color-5)","background-image":"","background-repeat":"repeat","background-position":"center center","background-size":"auto","background-attachment":"scroll","background-type":"","background-media":"","overlay-type":"","overlay-color":"","overlay-gradient":""},"tablet":{"background-color":"var(--ast-global-color-5)","background-image":"","background-repeat":"repeat","background-position":"center center","background-size":"auto","background-attachment":"scroll","background-type":"","background-media":"","overlay-type":"","overlay-color":"","overlay-gradient":""},"mobile":{"background-color":"var(--ast-global-color-5)","background-image":"","background-repeat":"repeat","background-position":"center center","background-size":"auto","background-attachment":"scroll","background-type":"","background-media":"","overlay-type":"","overlay-color":"","overlay-gradient":""}},"footnotes":""},"_links":{"self":[{"href":"https:\/\/vampyrgrey.com\/index.php\/wp-json\/wp\/v2\/pages\/2"}],"collection":[{"href":"https:\/\/vampyrgrey.com\/index.php\/wp-json\/wp\/v2\/pages"}],"about":[{"href":"https:\/\/vampyrgrey.com\/index.php\/wp-json\/wp\/v2\/types\/page"}],"author":[{"embeddable":true,"href":"https:\/\/vampyrgrey.com\/index.php\/wp-json\/wp\/v2\/users\/1"}],"replies":[{"embeddable":true,"href":"https:\/\/vampyrgrey.com\/index.php\/wp-json\/wp\/v2\/comments?post=2"}],"version-history":[{"count":10,"href":"https:\/\/vampyrgrey.com\/index.php\/wp-json\/wp\/v2\/pages\/2\/revisions"}],"predecessor-version":[{"id":424,"href":"https:\/\/vampyrgrey.com\/index.php\/wp-json\/wp\/v2\/pages\/2\/revisions\/424"}],"wp:featuredmedia":[{"embeddable":true,"href":"https:\/\/vampyrgrey.com\/index.php\/wp-json\/wp\/v2\/media\/13"}],"wp:attachment":[{"href":"https:\/\/vampyrgrey.com\/index.php\/wp-json\/wp\/v2\/media?parent=2"}],"curies":[{"name":"wp","href":"https:\/\/api.w.org\/{rel}","templated":true}]}}